{"id":20328,"date":"2023-12-06T23:12:25","date_gmt":"2023-12-06T23:12:25","guid":{"rendered":"https:\/\/www.cristalllo.com\/shop\/uncategorized\/afrodite-in-giallo\/"},"modified":"2025-06-17T11:33:30","modified_gmt":"2025-06-17T11:33:30","slug":"afrodite-in-giallo","status":"publish","type":"product","link":"https:\/\/www.cristalllo.com\/en\/shop\/bracelets-en-2\/afrodite-bracelets\/afrodite-in-giallo\/","title":{"rendered":"AFRODITE <br>IN GIALLO"},"content":{"rendered":"<p>Immergiti nel fascino senza tempo di AFRODITE IN GIALLO, un capolavoro artigianale che risplende con la calda lucentezza dell&#8217;oro giallo. Questo gioiello esclusivo incarna l&#8217;essenza stessa del lusso, abbracciando il polso con un intreccio sofisticato e raffinato. I diamanti bianchi, incastonati con maestria, aggiungono una sinfonia di luci scintillanti che catturano ogni sguardo.<\/p>\n<p>L&#8217;ispirazione divina di Afrodite prende vita attraverso le linee sinuose del design, evocando un senso di bellezza eterea e grazia senza pari. Indossare questo straordinario bracciale \u00e8 come adornarsi di un pezzo d&#8217;arte, una dichiarazione di stile ed eleganza pura. Perfetto per chi desidera esprimere la propria unicit\u00e0 con classe e raffinatezza, AFRODITE IN GIALLO \u00e8 pi\u00f9 di un semplice gioiello: \u00e8 una celebrazione del lusso nella sua forma pi\u00f9 sublime.<\/p>\n","protected":false},"excerpt":{"rendered":"<p>Oro giallo 9Kt <\/p>\n<p>Diamanti bianchi Ct. 0,30<\/p>\n","protected":false},"featured_media":18879,"template":"","meta":{"_acf_changed":false},"product_brand":[],"product_cat":[2479,2561,2617,2477],"product_tag":[],"class_list":{"0":"post-20328","1":"product","2":"type-product","3":"status-publish","4":"has-post-thumbnail","6":"product_cat-bracelets-en-2","7":"product_cat-afrodite-bracelets","8":"product_cat-afrodite-en","9":"product_cat-bracelets-en","11":"first","12":"instock","13":"taxable","14":"shipping-taxable","15":"purchasable","16":"product-type-variable"},"acf":{"url_video_youtube":"","visibilita_prezzo":false},"gallery_images":[13854,15157,16300],"_links":{"self":[{"href":"https:\/\/www.cristalllo.com\/en\/wp-json\/wp\/v2\/product\/20328","targetHints":{"allow":["GET"]}}],"collection":[{"href":"https:\/\/www.cristalllo.com\/en\/wp-json\/wp\/v2\/product"}],"about":[{"href":"https:\/\/www.cristalllo.com\/en\/wp-json\/wp\/v2\/types\/product"}],"wp:featuredmedia":[{"embeddable":true,"href":"https:\/\/www.cristalllo.com\/en\/wp-json\/wp\/v2\/media\/18879"}],"wp:attachment":[{"href":"https:\/\/www.cristalllo.com\/en\/wp-json\/wp\/v2\/media?parent=20328"}],"wp:term":[{"taxonomy":"product_brand","embeddable":true,"href":"https:\/\/www.cristalllo.com\/en\/wp-json\/wp\/v2\/product_brand?post=20328"},{"taxonomy":"product_cat","embeddable":true,"href":"https:\/\/www.cristalllo.com\/en\/wp-json\/wp\/v2\/product_cat?post=20328"},{"taxonomy":"product_tag","embeddable":true,"href":"https:\/\/www.cristalllo.com\/en\/wp-json\/wp\/v2\/product_tag?post=20328"}],"curies":[{"name":"wp","href":"https:\/\/api.w.org\/{rel}","templated":true}]}}